
{"id":1283,"date":"2023-11-05T17:03:21","date_gmt":"2023-11-05T13:33:21","guid":{"rendered":"https:\/\/meysam-lotfi.ir\/%c9%99laq%c9%99\/"},"modified":"2024-07-30T14:08:00","modified_gmt":"2024-07-30T10:38:00","slug":"%c9%99laq%c9%99","status":"publish","type":"page","link":"https:\/\/meysam-lotfi.ir\/az\/%c9%99laq%c9%99\/","title":{"rendered":"\u0259laq\u0259"},"content":{"rendered":"\t\t<div data-elementor-type=\"wp-page\" data-elementor-id=\"1283\" class=\"elementor elementor-1283 elementor-45\">\n\t\t\t\t<div class=\"elementor-element elementor-element-ddb5ee2 e-con-full e-flex e-con e-parent\" data-id=\"ddb5ee2\" data-element_type=\"container\">\n\t\t\t\t<div class=\"elementor-element elementor-element-b96847d elementor-widget elementor-widget-MEYSAM-Global-Widgets-Contact-Block\" data-id=\"b96847d\" data-element_type=\"widget\" data-widget_type=\"MEYSAM-Global-Widgets-Contact-Block.default\">\n\t\t\t\t<div class=\"elementor-widget-container\">\n\t\t\t    \t\n\t    <div class=\"contact-wrapper\">\n            <h3 class=\"contact-title\">Mesajlar\u0131n\u0131z\u0131 oxuma\u011f\u0131 sevir\u0259m<\/h3>\n            <div class=\"w-form\">\n                <p>\n<div class=\"wpcf7 no-js\" id=\"wpcf7-f1282-o1\" lang=\"az\" dir=\"ltr\" data-wpcf7-id=\"1282\">\n<div class=\"screen-reader-response\"><p role=\"status\" aria-live=\"polite\" aria-atomic=\"true\"><\/p> <ul><\/ul><\/div>\n<form action=\"\/az\/wp-json\/wp\/v2\/pages\/1283#wpcf7-f1282-o1\" method=\"post\" class=\"wpcf7-form init\" aria-label=\"Contact form\" novalidate=\"novalidate\" data-status=\"init\">\n<fieldset class=\"hidden-fields-container\"><input type=\"hidden\" name=\"_wpcf7\" value=\"1282\" \/><input type=\"hidden\" name=\"_wpcf7_version\" value=\"6.1.4\" \/><input type=\"hidden\" name=\"_wpcf7_locale\" value=\"az\" \/><input type=\"hidden\" name=\"_wpcf7_unit_tag\" value=\"wpcf7-f1282-o1\" \/><input type=\"hidden\" name=\"_wpcf7_container_post\" value=\"0\" \/><input type=\"hidden\" name=\"_wpcf7_posted_data_hash\" value=\"\" \/><input type=\"hidden\" name=\"_wpcf7_recaptcha_response\" value=\"\" \/>\n<\/fieldset>\n<p><label> Ad\u0131n\u0131z <\/label><br \/>\n<span class=\"wpcf7-form-control-wrap\" data-name=\"your-name\"><input size=\"40\" maxlength=\"400\" class=\"wpcf7-form-control wpcf7-text wpcf7-validates-as-required\" autocomplete=\"name\" aria-required=\"true\" aria-invalid=\"false\" value=\"\" type=\"text\" name=\"your-name\" \/><\/span>\n<\/p>\n<p><label> Telefonunuz <\/label><br \/>\n<span class=\"wpcf7-form-control-wrap\" data-name=\"tel-959\"><input size=\"40\" maxlength=\"400\" class=\"wpcf7-form-control wpcf7-tel wpcf7-validates-as-required wpcf7-text wpcf7-validates-as-tel\" aria-required=\"true\" aria-invalid=\"false\" placeholder=\"+12101930423\" value=\"\" type=\"tel\" name=\"tel-959\" \/><\/span>\n<\/p>\n<p><label> E-po\u00e7tunuz <\/label><br \/>\n<span class=\"wpcf7-form-control-wrap\" data-name=\"your-email\"><input size=\"40\" maxlength=\"400\" class=\"wpcf7-form-control wpcf7-email wpcf7-validates-as-required wpcf7-text wpcf7-validates-as-email\" autocomplete=\"email\" aria-required=\"true\" aria-invalid=\"false\" value=\"\" type=\"email\" name=\"your-email\" \/><\/span>\n<\/p>\n<p><label> \u018flaq\u0259nin s\u0259b\u0259bi <\/label><br \/>\n<span class=\"wpcf7-form-control-wrap\" data-name=\"menu-30\"><select class=\"wpcf7-form-control wpcf7-select wpcf7-validates-as-required\" aria-required=\"true\" aria-invalid=\"false\" name=\"menu-30\"><option value=\"\">&#8212;Please choose an option&#8212;<\/option><option value=\"Layih\u0259 Sor\u011fusu: Veb \u0130nki\u015faf\u0131\">Layih\u0259 Sor\u011fusu: Veb \u0130nki\u015faf\u0131<\/option><option value=\"Layih\u0259 Sor\u011fusu: \u0130T M\u0259sl\u0259h\u0259t\u00e7iliyi\">Layih\u0259 Sor\u011fusu: \u0130T M\u0259sl\u0259h\u0259t\u00e7iliyi<\/option><option value=\"Layih\u0259 Sor\u011fusu: Kibert\u0259hl\u00fck\u0259sizlik\">Layih\u0259 Sor\u011fusu: Kibert\u0259hl\u00fck\u0259sizlik<\/option><option value=\"Layih\u0259 Sor\u011fusu: SEO v\u0259 Marketinq\">Layih\u0259 Sor\u011fusu: SEO v\u0259 Marketinq<\/option><option value=\"\u0130\u015f \u0130mkan\u0131\">\u0130\u015f \u0130mkan\u0131<\/option><option value=\"\u018fm\u0259kda\u015fl\u0131q\">\u018fm\u0259kda\u015fl\u0131q<\/option><option value=\"Dig\u0259r\">Dig\u0259r<\/option><\/select><\/span>\n<\/p>\n<p><label> M\u00f6vzu <\/label><br \/>\n<span class=\"wpcf7-form-control-wrap\" data-name=\"your-subject\"><input size=\"40\" maxlength=\"400\" class=\"wpcf7-form-control wpcf7-text wpcf7-validates-as-required\" aria-required=\"true\" aria-invalid=\"false\" value=\"\" type=\"text\" name=\"your-subject\" \/><\/span>\n<\/p>\n<p><label> Mesaj\u0131n\u0131z <\/label><br \/>\n<span class=\"wpcf7-form-control-wrap\" data-name=\"your-message\"><textarea cols=\"40\" rows=\"10\" maxlength=\"2000\" class=\"wpcf7-form-control wpcf7-textarea wpcf7-validates-as-required\" aria-required=\"true\" aria-invalid=\"false\" name=\"your-message\"><\/textarea><\/span>\n<\/p>\n<p><input class=\"wpcf7-form-control wpcf7-submit has-spinner\" type=\"submit\" value=\"t\u0259qdim\" \/>\n<\/p><p style=\"display: none !important;\" class=\"akismet-fields-container\" data-prefix=\"_wpcf7_ak_\"><label>&#916;<textarea name=\"_wpcf7_ak_hp_textarea\" cols=\"45\" rows=\"8\" maxlength=\"100\"><\/textarea><\/label><input type=\"hidden\" id=\"ak_js_1\" name=\"_wpcf7_ak_js\" value=\"207\"\/><script>document.getElementById( \"ak_js_1\" ).setAttribute( \"value\", ( new Date() ).getTime() );<\/script><\/p><div class=\"wpcf7-response-output\" aria-hidden=\"true\"><\/div>\n<\/form>\n<\/div>\n<\/p>            <\/div>\n        <\/div>\n\n    \t\t<\/div>\n\t\t\t\t<\/div>\n\t\t\t\t<\/div>\n\t\t\t\t<\/div>\n\t\t","protected":false},"excerpt":{"rendered":"<p>Mesajlar\u0131n\u0131z\u0131 oxuma\u011f\u0131 sevir\u0259m Ad\u0131n\u0131z Telefonunuz E-po\u00e7tunuz \u018flaq\u0259nin s\u0259b\u0259bi &#8212;Please choose an option&#8212;Layih\u0259 Sor\u011fusu: Veb \u0130nki\u015faf\u0131Layih\u0259 Sor\u011fusu: \u0130T M\u0259sl\u0259h\u0259t\u00e7iliyiLayih\u0259 Sor\u011fusu: Kibert\u0259hl\u00fck\u0259sizlikLayih\u0259 Sor\u011fusu: SEO v\u0259 Marketinq\u0130\u015f \u0130mkan\u0131\u018fm\u0259kda\u015fl\u0131qDig\u0259r M\u00f6vzu Mesaj\u0131n\u0131z<\/p>\n","protected":false},"author":1,"featured_media":0,"parent":0,"menu_order":0,"comment_status":"closed","ping_status":"closed","template":"","meta":{"inline_featured_image":false,"footnotes":""},"class_list":["post-1283","page","type-page","status-publish","hentry"],"_links":{"self":[{"href":"https:\/\/meysam-lotfi.ir\/az\/wp-json\/wp\/v2\/pages\/1283","targetHints":{"allow":["GET"]}}],"collection":[{"href":"https:\/\/meysam-lotfi.ir\/az\/wp-json\/wp\/v2\/pages"}],"about":[{"href":"https:\/\/meysam-lotfi.ir\/az\/wp-json\/wp\/v2\/types\/page"}],"author":[{"embeddable":true,"href":"https:\/\/meysam-lotfi.ir\/az\/wp-json\/wp\/v2\/users\/1"}],"replies":[{"embeddable":true,"href":"https:\/\/meysam-lotfi.ir\/az\/wp-json\/wp\/v2\/comments?post=1283"}],"version-history":[{"count":7,"href":"https:\/\/meysam-lotfi.ir\/az\/wp-json\/wp\/v2\/pages\/1283\/revisions"}],"predecessor-version":[{"id":1474,"href":"https:\/\/meysam-lotfi.ir\/az\/wp-json\/wp\/v2\/pages\/1283\/revisions\/1474"}],"wp:attachment":[{"href":"https:\/\/meysam-lotfi.ir\/az\/wp-json\/wp\/v2\/media?parent=1283"}],"curies":[{"name":"wp","href":"https:\/\/api.w.org\/{rel}","templated":true}]}}