
{"id":1288,"date":"2024-01-18T21:12:10","date_gmt":"2024-01-18T17:42:10","guid":{"rendered":"https:\/\/meysam-lotfi.ir\/xidm%c9%99tl%c9%99r\/"},"modified":"2024-07-30T18:20:59","modified_gmt":"2024-07-30T14:50:59","slug":"xidm%c9%99tl%c9%99r","status":"publish","type":"page","link":"https:\/\/meysam-lotfi.ir\/az\/xidm%c9%99tl%c9%99r\/","title":{"rendered":"Xidm\u0259tl\u0259r"},"content":{"rendered":"\t\t<div data-elementor-type=\"wp-page\" data-elementor-id=\"1288\" class=\"elementor elementor-1288 elementor-103\">\n\t\t\t\t<div class=\"elementor-element elementor-element-c23fba4 e-con-full e-flex e-con e-parent\" data-id=\"c23fba4\" data-element_type=\"container\">\n\t\t\t\t<div class=\"elementor-element elementor-element-bffa056 elementor-widget elementor-widget-MEYSAM-Global-Widgets-Services-Block\" data-id=\"bffa056\" data-element_type=\"widget\" data-widget_type=\"MEYSAM-Global-Widgets-Services-Block.default\">\n\t\t\t\t<div class=\"elementor-widget-container\">\n\t\t\t\n        <div class=\"w-layout-layout services-grid wf-layout-layout\">\n\n        \t            <div class=\"w-layout-cell service-item\">\n                <img decoding=\"async\" src=\"https:\/\/meysam-lotfi.ir\/wp-content\/uploads\/2024\/07\/code-1.png\" loading=\"lazy\" alt=\"service-icon\" class=\"service-image\" \/>\n                <div class=\"service-infos\">\n                    <h4 class=\"service-item-title\">Web Development<\/h4>\n                    <p class=\"service-item-paragraph\">At Magnet Digital Agency, we offer comprehensive web development services. Our team of skilled developers, led by my extensive experience in full-stack development, creates tailored web solutions that align with your business goals.<\/p>\n                <\/div>\n            <\/div>\n                        <div class=\"w-layout-cell service-item\">\n                <img decoding=\"async\" src=\"https:\/\/meysam-lotfi.ir\/wp-content\/uploads\/2024\/07\/target-1.png\" loading=\"lazy\" alt=\"service-icon\" class=\"service-image\" \/>\n                <div class=\"service-infos\">\n                    <h4 class=\"service-item-title\">IT Consultancy<\/h4>\n                    <p class=\"service-item-paragraph\">Magnet Digital Agency provides expert IT consultancy services, leveraging my years of experience in the tech industry. Our team offers strategic guidance on technology adoption, digital transformation, and IT infrastructure optimization.<\/p>\n                <\/div>\n            <\/div>\n                        <div class=\"w-layout-cell service-item\">\n                <img decoding=\"async\" src=\"https:\/\/meysam-lotfi.ir\/wp-content\/uploads\/2024\/07\/troubleshooting.svg\" loading=\"lazy\" alt=\"service-icon\" class=\"service-image\" \/>\n                <div class=\"service-infos\">\n                    <h4 class=\"service-item-title\">IT Troubleshooting<\/h4>\n                    <p class=\"service-item-paragraph\">When technology issues arise, Magnet is here to help. Our IT troubleshooting service, overseen by my systematic approach, covers a wide range of problems. We provide quick, effective solutions to minimize downtime and keep your business running smoothly.<\/p>\n                <\/div>\n            <\/div>\n                        <div class=\"w-layout-cell service-item\">\n                <img decoding=\"async\" src=\"https:\/\/meysam-lotfi.ir\/wp-content\/uploads\/2024\/07\/social-media-marketing.svg\" loading=\"lazy\" alt=\"service-icon\" class=\"service-image\" \/>\n                <div class=\"service-infos\">\n                    <h4 class=\"service-item-title\">Digital Marketing Strategy<\/h4>\n                    <p class=\"service-item-paragraph\">We offer comprehensive digital marketing strategies tailored to your business needs. I personally oversee the development of these strategies, ensuring our team leverages the latest trends and technologies. From SEO and content marketing to social media campaigns, we create holistic approaches to boost your online presence.<\/p>\n                <\/div>\n            <\/div>\n                        <div class=\"w-layout-cell service-item\">\n                <img decoding=\"async\" src=\"https:\/\/meysam-lotfi.ir\/wp-content\/uploads\/2024\/07\/ecommerce.svg\" loading=\"lazy\" alt=\"service-icon\" class=\"service-image\" \/>\n                <div class=\"service-infos\">\n                    <h4 class=\"service-item-title\">E-commerce Solutions<\/h4>\n                    <p class=\"service-item-paragraph\">At Magnet, we specialize in developing robust e-commerce platforms that drive sales and enhance customer experience. Whether you&#039;re starting a new online store or optimizing an existing one, our team, guided by my e-commerce expertise, delivers solutions incorporating secure payment gateways, inventory management systems, and user-friendly interfaces.<\/p>\n                <\/div>\n            <\/div>\n                        <div class=\"w-layout-cell service-item\">\n                <img decoding=\"async\" src=\"https:\/\/meysam-lotfi.ir\/wp-content\/uploads\/2024\/07\/security-1.png\" loading=\"lazy\" alt=\"service-icon\" class=\"service-image\" \/>\n                <div class=\"service-infos\">\n                    <h4 class=\"service-item-title\">Cybersecurity Consulting<\/h4>\n                    <p class=\"service-item-paragraph\">In today&#039;s digital landscape, robust cybersecurity is crucial. Magnet offers expert cybersecurity consulting services to help protect your digital assets. Under my guidance, our security specialists conduct security audits, implement best practices, set up secure networks, and develop incident response plans. Our goal is to fortify your defenses against cyber threats and ensure business continuity.<\/p>\n                <\/div>\n            <\/div>\n                        \n        <\/div>\n    \n    \t\t<\/div>\n\t\t\t\t<\/div>\n\t\t\t\t<\/div>\n\t\t<div class=\"elementor-element elementor-element-7c8d24fe e-flex e-con-boxed e-con e-parent\" data-id=\"7c8d24fe\" data-element_type=\"container\">\n\t\t\t\t\t<div class=\"e-con-inner\">\n\t\t\t\t<div class=\"elementor-element elementor-element-2f0d8394 elementor-widget__width-initial elementor-widget elementor-widget-ucaddon_flip_box\" data-id=\"2f0d8394\" data-element_type=\"widget\" data-widget_type=\"ucaddon_flip_box.default\">\n\t\t\t\t<div class=\"elementor-widget-container\">\n\t\t\t\n<!-- start Flip Box -->\n\t\t<link id='font-awesome-css' href='https:\/\/meysam-lotfi.ir\/wp-content\/plugins\/unlimited-elements-for-elementor\/assets_libraries\/font-awesome6\/fontawesome-all.min.css' type='text\/css' rel='stylesheet' >\n\t\t<link id='font-awesome-4-shim-css' href='https:\/\/meysam-lotfi.ir\/wp-content\/plugins\/unlimited-elements-for-elementor\/assets_libraries\/font-awesome6\/fontawesome-v4-shims.min.css' type='text\/css' rel='stylesheet' >\n\t\t<link id='uc_ac_assets_file_ue_flipbox_styles_css_12353-css' href='https:\/\/meysam-lotfi.ir\/wp-content\/uploads\/ac_assets\/uc_flip_box_base\/animations\/ue-flipbox-styles.css' type='text\/css' rel='stylesheet' >\n\n<style>\/* widget: Flip Box *\/\n\n\/* elementor container support *\/\n.e-con-inner>.elementor-widget-ucaddon_flip_box, .e-con>.elementor-widget-ucaddon_flip_box {\n    width: var(--container-widget-width);\n    --flex-grow: var(--container-widget-flex-grow);\n}\n\n#uc_flip_box_elementor_2f0d8394 .ue-flip-box__panel.ue-flip-box__panel--front,\n#uc_flip_box_elementor_2f0d8394 .ue-flip-box__panel.ue-flip-box__panel--back {\n    backface-visibility: hidden;\n    -webkit-backface-visibility: hidden; \n}\n\n#uc_flip_box_elementor_2f0d8394 .ue-flip-box__panel__wrapper{\n  pointer-events: all;\n}\n\n\n#uc_flip_box_elementor_2f0d8394 .ue-flip-box__panel--back .ue_btn{\n\tdisplay: inline-block;\n}\n \n\n\t\n\n  #uc_flip_box_elementor_2f0d8394 .ue-flip-box__overlay {\n    position: fixed;\n  \ttop: 0;\n    left: 0;\n    width: 100vw;\n    height: 100vh;\n  \topacity: 0;\n  \tz-index: -1;\n  \ttransition: all 0.3s;\n    bottom:0;\n    right:0;\n  }\n\n\n  #uc_flip_box_elementor_2f0d8394 .ue-flip-box__container.uc-show { \n      z-index: 3;\n  }\n\n  #uc_flip_box_elementor_2f0d8394 .ue-flip-box__container.uc-show + .ue-flip-box__overlay { \n    \topacity: 1;\n    \tz-index: 2;\n  }\n\n\n\n\n\n#uc_flip_box_elementor_2f0d8394 .ue-flip-box__panel--front-overlay, #uc_flip_box_elementor_2f0d8394 .ue-flip-box__panel--back-overlay\n{\n  position:absolute;\n  top:0;\n  bottom:0;\n  right:0;\n  left:0;\n  z-index:-1;\n}\n\n#uc_flip_box_elementor_2f0d8394 .ue-flip-box__panel--front .ue-flip-box__icon img{\n  max-width: none;\n}\n\n\n<\/style>\n\n<div id=\"uc_flip_box_elementor_2f0d8394\" class=\"ue-flip-box\" data-id=\"uc_flip_box_elementor_2f0d8394\" data-closeonbody='false'>\n  \n      <div class=\"ue-flip-box__container uc-hide ue-flip-alt_right ue-flip-box__container--hover\" tabindex=\"0\">\n      \n    <div class=\"ue-flip-box__panel ue-flip-box__panel--front\">\n      <div class=\"ue-flip-box__panel--front-overlay\"><\/div>\n            <div class=\"ue-flip-box__panel__wrapper\">\n        <div class=\"ue-flip-box__panel__content\">\n                        <div class=\"ue-flip-box__panel__element ue-flip-box__title\">U\u011fur \u00fc\u00e7\u00fcn \u0130T t\u0259r\u0259fda\u015f\u0131n\u0131z<\/div>                        <div class=\"ue-flip-box__panel__element ue-flip-box__description\"><p><strong>Biznesinizi birlikd\u0259 optimalla\u015fd\u0131raq<\/strong><\/p><\/div>        <\/div>\n      <\/div>\n    <\/div>\n    \n\n      \n    <div class=\"ue-flip-box__panel ue-flip-box__panel--back\">\n      <div class=\"ue-flip-box__panel--back-overlay\"><\/div>\n            <div class=\"ue-flip-box__panel__wrapper\">\n        <div class=\"ue-flip-box__panel__content\">\n                    <div class=\"ue-flip-box__panel__element ue-flip-box__title\">\u0130T infrastrukturunuzu t\u0259kmill\u0259\u015fdirm\u0259y\u0259 haz\u0131rs\u0131n\u0131z?<\/div>                    <div class=\"ue-flip-box__panel__element ue-flip-box__description\"><\/div>          <div class=\"ue-flip-box__panel__element ue-flip-box__button\"><a href=\"https:\/\/meysam-lotfi.ir\/az\/contact\/\" class=\"ue_btn\" >M\u0259niml\u0259 \u0259laq\u0259 saxlay\u0131n!<\/a><\/div>        <\/div>\n      <\/div>\n    <\/div>\n    \n  <\/div>\n  \n   \n      \n    \t<div class=\"ue-flip-box__overlay\"><\/div>\n        \n<\/div>\n<!-- end Flip Box -->\t\t<\/div>\n\t\t\t\t<\/div>\n\t\t\t\t\t<\/div>\n\t\t\t\t<\/div>\n\t\t\t\t<\/div>\n\t\t","protected":false},"excerpt":{"rendered":"<p>Web Development At Magnet Digital Agency, we offer comprehensive web development services. Our team of skilled developers, led by my extensive experience in full-stack development, creates tailored web solutions that align with your business goals. IT Consultancy Magnet Digital Agency provides expert IT consultancy services, leveraging my years of experience in the tech industry. Our <\/p>\n","protected":false},"author":1,"featured_media":0,"parent":0,"menu_order":0,"comment_status":"closed","ping_status":"closed","template":"","meta":{"inline_featured_image":false,"footnotes":""},"class_list":["post-1288","page","type-page","status-publish","hentry"],"_links":{"self":[{"href":"https:\/\/meysam-lotfi.ir\/az\/wp-json\/wp\/v2\/pages\/1288","targetHints":{"allow":["GET"]}}],"collection":[{"href":"https:\/\/meysam-lotfi.ir\/az\/wp-json\/wp\/v2\/pages"}],"about":[{"href":"https:\/\/meysam-lotfi.ir\/az\/wp-json\/wp\/v2\/types\/page"}],"author":[{"embeddable":true,"href":"https:\/\/meysam-lotfi.ir\/az\/wp-json\/wp\/v2\/users\/1"}],"replies":[{"embeddable":true,"href":"https:\/\/meysam-lotfi.ir\/az\/wp-json\/wp\/v2\/comments?post=1288"}],"version-history":[{"count":7,"href":"https:\/\/meysam-lotfi.ir\/az\/wp-json\/wp\/v2\/pages\/1288\/revisions"}],"predecessor-version":[{"id":1560,"href":"https:\/\/meysam-lotfi.ir\/az\/wp-json\/wp\/v2\/pages\/1288\/revisions\/1560"}],"wp:attachment":[{"href":"https:\/\/meysam-lotfi.ir\/az\/wp-json\/wp\/v2\/media?parent=1288"}],"curies":[{"name":"wp","href":"https:\/\/api.w.org\/{rel}","templated":true}]}}