
{"id":1290,"date":"2024-01-19T23:40:34","date_gmt":"2024-01-19T20:10:34","guid":{"rendered":"https:\/\/meysam-lotfi.ir\/t%c9%99crub%c9%99l%c9%99r\/"},"modified":"2024-07-30T18:20:52","modified_gmt":"2024-07-30T14:50:52","slug":"t%c9%99crub%c9%99l%c9%99r","status":"publish","type":"page","link":"https:\/\/meysam-lotfi.ir\/az\/t%c9%99crub%c9%99l%c9%99r\/","title":{"rendered":"T\u0259cr\u00fcb\u0259l\u0259r"},"content":{"rendered":"\t\t<div data-elementor-type=\"wp-page\" data-elementor-id=\"1290\" class=\"elementor elementor-1290 elementor-148\">\n\t\t\t\t<div class=\"elementor-element elementor-element-9f62078 e-con-full e-flex e-con e-parent\" data-id=\"9f62078\" data-element_type=\"container\">\n\t\t\t\t<div class=\"elementor-element elementor-element-06aa958 elementor-widget elementor-widget-MEYSAM-Global-Widgets-Work-Block\" data-id=\"06aa958\" data-element_type=\"widget\" data-widget_type=\"MEYSAM-Global-Widgets-Work-Block.default\">\n\t\t\t\t<div class=\"elementor-widget-container\">\n\t\t\t\t    <div class=\"work-wrapper\">\n            <div class=\"work-list-wrapper w-dyn-list\">\n                <div role=\"list\" class=\"work-list w-dyn-items w-row\">\n       \t\t\t\t\n\t\t\t\t\t\t        <div role=\"listitem\" class=\"work-item w-dyn-item w-col w-col-4\">\n\t\t\t\t\t\t            <a href=\"https:\/\/meysam-lotfi.ir\/az\/projects\/baxisdan-d%c9%99y%c9%99r%c9%99-ictimai-sektorda-itil-4-un-t%c9%99tbiqi\/\" class=\"work-item-inner w-inline-block\">\n\t\t\t\t\t\t                <h4 class=\"work-title\">Bax\u0131\u015fdan D\u0259y\u0259r\u0259: \u0130ctimai Sektorda ITIL 4-\u00fcn T\u0259tbiqi<\/h4>\n\t\t\t\t\t\t                <div class=\"work-category\">\n\t\t\t\t\t\t                \t\t\t\t\t\t\t                <\/div>\n\t\t\t\t\t\t                <div class=\"image-holder\">\n\t\t\t\t\t\t                \t<img decoding=\"async\" src=\"https:\/\/meysam-lotfi.ir\/wp-content\/uploads\/2024\/07\/it-infrastructure-shutterstock_313145102.webp\" loading=\"lazy\" alt=\"work-image\" class=\"work-image\" \/>\n\t\t\t\t\t\t                <\/div>\n\t\t\t\t\t\t            <\/a>\n\t\t\t\t\t\t        <\/div>\n\n\t\t\t\t\t\t\n\t\t\t\t\t\t        <div role=\"listitem\" class=\"work-item w-dyn-item w-col w-col-4\">\n\t\t\t\t\t\t            <a href=\"https:\/\/meysam-lotfi.ir\/az\/projects\/daxili-dizayn-sirk%c9%99ti-deco-as-ucun-e-ticar%c9%99t-sayti\/\" class=\"work-item-inner w-inline-block\">\n\t\t\t\t\t\t                <h4 class=\"work-title\">Daxili Dizayn \u015eirk\u0259ti Deco-As \u00fc\u00e7\u00fcn E-Ticar\u0259t Sayt\u0131<\/h4>\n\t\t\t\t\t\t                <div class=\"work-category\">\n\t\t\t\t\t\t                \t\t\t\t\t\t\t                <\/div>\n\t\t\t\t\t\t                <div class=\"image-holder\">\n\t\t\t\t\t\t                \t<img decoding=\"async\" src=\"https:\/\/meysam-lotfi.ir\/wp-content\/uploads\/2024\/07\/modern-apartment-with-bold-bright-walls-perfect-showcasing-your-art-collection-min.jpg\" loading=\"lazy\" alt=\"work-image\" class=\"work-image\" \/>\n\t\t\t\t\t\t                <\/div>\n\t\t\t\t\t\t            <\/a>\n\t\t\t\t\t\t        <\/div>\n\n\t\t\t\t\t\t\n\t\t\t\t\t\t        <div role=\"listitem\" class=\"work-item w-dyn-item w-col w-col-4\">\n\t\t\t\t\t\t            <a href=\"https:\/\/meysam-lotfi.ir\/az\/projects\/kiber-t%c9%99hluk%c9%99sizlik-auditorlugu-v%c9%99-t%c9%99tbiqi-azarghapi\/\" class=\"work-item-inner w-inline-block\">\n\t\t\t\t\t\t                <h4 class=\"work-title\">Kiber T\u0259hl\u00fck\u0259sizlik Auditorlu\u011fu v\u0259 T\u0259tbiqi: AzarGhapi<\/h4>\n\t\t\t\t\t\t                <div class=\"work-category\">\n\t\t\t\t\t\t                \t\t\t\t\t\t\t                <\/div>\n\t\t\t\t\t\t                <div class=\"image-holder\">\n\t\t\t\t\t\t                \t<img decoding=\"async\" src=\"https:\/\/meysam-lotfi.ir\/wp-content\/uploads\/2024\/07\/Cybersecurity-coverage-2.jpg\" loading=\"lazy\" alt=\"work-image\" class=\"work-image\" \/>\n\t\t\t\t\t\t                <\/div>\n\t\t\t\t\t\t            <\/a>\n\t\t\t\t\t\t        <\/div>\n\n\t\t\t\t\t\t\n\t\t\t\t\t\t        <div role=\"listitem\" class=\"work-item w-dyn-item w-col w-col-4\">\n\t\t\t\t\t\t            <a href=\"https:\/\/meysam-lotfi.ir\/az\/projects\/blokkceyn-iqtisadiyyati-istanbul-zirv%c9%99sind%c9%99-mukafatli-muv%c9%99ff%c9%99qiyy%c9%99t\/\" class=\"work-item-inner w-inline-block\">\n\t\t\t\t\t\t                <h4 class=\"work-title\">Blokk\u00e7eyn \u0130qtisadiyyat\u0131 \u0130stanbul Zirv\u0259sind\u0259 M\u00fckafatl\u0131 M\u00fcv\u0259ff\u0259qiyy\u0259t<\/h4>\n\t\t\t\t\t\t                <div class=\"work-category\">\n\t\t\t\t\t\t                \t\t\t\t\t\t\t                <\/div>\n\t\t\t\t\t\t                <div class=\"image-holder\">\n\t\t\t\t\t\t                \t<img decoding=\"async\" src=\"https:\/\/meysam-lotfi.ir\/wp-content\/uploads\/2024\/07\/Blockchain.jpg\" loading=\"lazy\" alt=\"work-image\" class=\"work-image\" \/>\n\t\t\t\t\t\t                <\/div>\n\t\t\t\t\t\t            <\/a>\n\t\t\t\t\t\t        <\/div>\n\n\t\t\t\t\t\t\n\t\t\t\t\t\t        <div role=\"listitem\" class=\"work-item w-dyn-item w-col w-col-4\">\n\t\t\t\t\t\t            <a href=\"https:\/\/meysam-lotfi.ir\/az\/projects\/wintech-asia-ucun-veb-sayt-yenil%c9%99nm%c9%99si\/\" class=\"work-item-inner w-inline-block\">\n\t\t\t\t\t\t                <h4 class=\"work-title\">Wintech Asia \u00fc\u00e7\u00fcn Veb Sayt Yenil\u0259nm\u0259si<\/h4>\n\t\t\t\t\t\t                <div class=\"work-category\">\n\t\t\t\t\t\t                \t\t\t\t\t\t\t                <\/div>\n\t\t\t\t\t\t                <div class=\"image-holder\">\n\t\t\t\t\t\t                \t<img decoding=\"async\" src=\"https:\/\/meysam-lotfi.ir\/wp-content\/uploads\/2024\/07\/dhw_20131124_01.jpg\" loading=\"lazy\" alt=\"work-image\" class=\"work-image\" \/>\n\t\t\t\t\t\t                <\/div>\n\t\t\t\t\t\t            <\/a>\n\t\t\t\t\t\t        <\/div>\n\n\t\t\t\t\t\t\n\t\t\t\t\t\t        <div role=\"listitem\" class=\"work-item w-dyn-item w-col w-col-4\">\n\t\t\t\t\t\t            <a href=\"https:\/\/meysam-lotfi.ir\/az\/projects\/sky-kala-ucun-e-ticar%c9%99t-platformasi\/\" class=\"work-item-inner w-inline-block\">\n\t\t\t\t\t\t                <h4 class=\"work-title\">Sky Kala \u00fc\u00e7\u00fcn E-Ticar\u0259t Platformas\u0131<\/h4>\n\t\t\t\t\t\t                <div class=\"work-category\">\n\t\t\t\t\t\t                \t\t\t\t\t\t\t                <\/div>\n\t\t\t\t\t\t                <div class=\"image-holder\">\n\t\t\t\t\t\t                \t<img decoding=\"async\" src=\"https:\/\/meysam-lotfi.ir\/wp-content\/uploads\/2024\/07\/compressed_img-y34akhgBZmYHnkvnABd7u9K1.jpg\" loading=\"lazy\" alt=\"work-image\" class=\"work-image\" \/>\n\t\t\t\t\t\t                <\/div>\n\t\t\t\t\t\t            <\/a>\n\t\t\t\t\t\t        <\/div>\n\n\t\t\t\t\t\t\n    \n                <\/div>\n            <\/div>\n        <\/div>\n    \t\t<\/div>\n\t\t\t\t<\/div>\n\t\t\t\t<\/div>\n\t\t<div class=\"elementor-element elementor-element-5560ac02 e-flex e-con-boxed e-con e-parent\" data-id=\"5560ac02\" data-element_type=\"container\">\n\t\t\t\t\t<div class=\"e-con-inner\">\n\t\t\t\t<div class=\"elementor-element elementor-element-566fc2c9 elementor-widget__width-initial elementor-widget elementor-widget-ucaddon_flip_box\" data-id=\"566fc2c9\" data-element_type=\"widget\" data-widget_type=\"ucaddon_flip_box.default\">\n\t\t\t\t<div class=\"elementor-widget-container\">\n\t\t\t\n<!-- start Flip Box -->\n\t\t<link id='font-awesome-css' href='https:\/\/meysam-lotfi.ir\/wp-content\/plugins\/unlimited-elements-for-elementor\/assets_libraries\/font-awesome6\/fontawesome-all.min.css' type='text\/css' rel='stylesheet' >\n\t\t<link id='font-awesome-4-shim-css' href='https:\/\/meysam-lotfi.ir\/wp-content\/plugins\/unlimited-elements-for-elementor\/assets_libraries\/font-awesome6\/fontawesome-v4-shims.min.css' type='text\/css' rel='stylesheet' >\n\t\t<link id='uc_ac_assets_file_ue_flipbox_styles_css_12353-css' href='https:\/\/meysam-lotfi.ir\/wp-content\/uploads\/ac_assets\/uc_flip_box_base\/animations\/ue-flipbox-styles.css' type='text\/css' rel='stylesheet' >\n\n<style>\/* widget: Flip Box *\/\n\n\/* elementor container support *\/\n.e-con-inner>.elementor-widget-ucaddon_flip_box, .e-con>.elementor-widget-ucaddon_flip_box {\n    width: var(--container-widget-width);\n    --flex-grow: var(--container-widget-flex-grow);\n}\n\n#uc_flip_box_elementor_566fc2c9 .ue-flip-box__panel.ue-flip-box__panel--front,\n#uc_flip_box_elementor_566fc2c9 .ue-flip-box__panel.ue-flip-box__panel--back {\n    backface-visibility: hidden;\n    -webkit-backface-visibility: hidden; \n}\n\n#uc_flip_box_elementor_566fc2c9 .ue-flip-box__panel__wrapper{\n  pointer-events: all;\n}\n\n\n#uc_flip_box_elementor_566fc2c9 .ue-flip-box__panel--back .ue_btn{\n\tdisplay: inline-block;\n}\n \n\n\t\n\n  #uc_flip_box_elementor_566fc2c9 .ue-flip-box__overlay {\n    position: fixed;\n  \ttop: 0;\n    left: 0;\n    width: 100vw;\n    height: 100vh;\n  \topacity: 0;\n  \tz-index: -1;\n  \ttransition: all 0.3s;\n    bottom:0;\n    right:0;\n  }\n\n\n  #uc_flip_box_elementor_566fc2c9 .ue-flip-box__container.uc-show { \n      z-index: 3;\n  }\n\n  #uc_flip_box_elementor_566fc2c9 .ue-flip-box__container.uc-show + .ue-flip-box__overlay { \n    \topacity: 1;\n    \tz-index: 2;\n  }\n\n\n\n\n\n#uc_flip_box_elementor_566fc2c9 .ue-flip-box__panel--front-overlay, #uc_flip_box_elementor_566fc2c9 .ue-flip-box__panel--back-overlay\n{\n  position:absolute;\n  top:0;\n  bottom:0;\n  right:0;\n  left:0;\n  z-index:-1;\n}\n\n#uc_flip_box_elementor_566fc2c9 .ue-flip-box__panel--front .ue-flip-box__icon img{\n  max-width: none;\n}\n\n\n<\/style>\n\n<div id=\"uc_flip_box_elementor_566fc2c9\" class=\"ue-flip-box\" data-id=\"uc_flip_box_elementor_566fc2c9\" data-closeonbody='false'>\n  \n      <div class=\"ue-flip-box__container uc-hide ue-flip-alt_right ue-flip-box__container--hover\" tabindex=\"0\">\n      \n    <div class=\"ue-flip-box__panel ue-flip-box__panel--front\">\n      <div class=\"ue-flip-box__panel--front-overlay\"><\/div>\n            <div class=\"ue-flip-box__panel__wrapper\">\n        <div class=\"ue-flip-box__panel__content\">\n                        <div class=\"ue-flip-box__panel__element ue-flip-box__title\">U\u011fur \u00fc\u00e7\u00fcn \u0130T t\u0259r\u0259fda\u015f\u0131n\u0131z<\/div>                        <div class=\"ue-flip-box__panel__element ue-flip-box__description\"><p><strong>Biznesinizi birlikd\u0259 optimalla\u015fd\u0131raq<\/strong><\/p><\/div>        <\/div>\n      <\/div>\n    <\/div>\n    \n\n      \n    <div class=\"ue-flip-box__panel ue-flip-box__panel--back\">\n      <div class=\"ue-flip-box__panel--back-overlay\"><\/div>\n            <div class=\"ue-flip-box__panel__wrapper\">\n        <div class=\"ue-flip-box__panel__content\">\n                    <div class=\"ue-flip-box__panel__element ue-flip-box__title\">\u0130T infrastrukturunuzu t\u0259kmill\u0259\u015fdirm\u0259y\u0259 haz\u0131rs\u0131n\u0131z?<\/div>                    <div class=\"ue-flip-box__panel__element ue-flip-box__description\"><\/div>          <div class=\"ue-flip-box__panel__element ue-flip-box__button\"><a href=\"https:\/\/meysam-lotfi.ir\/az\/contact\/\" class=\"ue_btn\" >M\u0259niml\u0259 \u0259laq\u0259 saxlay\u0131n!<\/a><\/div>        <\/div>\n      <\/div>\n    <\/div>\n    \n  <\/div>\n  \n   \n      \n    \t<div class=\"ue-flip-box__overlay\"><\/div>\n        \n<\/div>\n<!-- end Flip Box -->\t\t<\/div>\n\t\t\t\t<\/div>\n\t\t\t\t\t<\/div>\n\t\t\t\t<\/div>\n\t\t\t\t<\/div>\n\t\t","protected":false},"excerpt":{"rendered":"<p>U\u011fur \u00fc\u00e7\u00fcn \u0130T t\u0259r\u0259fda\u015f\u0131n\u0131z Biznesinizi birlikd\u0259 optimalla\u015fd\u0131raq \u0130T infrastrukturunuzu t\u0259kmill\u0259\u015fdirm\u0259y\u0259 haz\u0131rs\u0131n\u0131z? M\u0259niml\u0259 \u0259laq\u0259 saxlay\u0131n!<\/p>\n","protected":false},"author":1,"featured_media":0,"parent":0,"menu_order":0,"comment_status":"closed","ping_status":"closed","template":"","meta":{"inline_featured_image":false,"footnotes":""},"class_list":["post-1290","page","type-page","status-publish","hentry"],"_links":{"self":[{"href":"https:\/\/meysam-lotfi.ir\/az\/wp-json\/wp\/v2\/pages\/1290","targetHints":{"allow":["GET"]}}],"collection":[{"href":"https:\/\/meysam-lotfi.ir\/az\/wp-json\/wp\/v2\/pages"}],"about":[{"href":"https:\/\/meysam-lotfi.ir\/az\/wp-json\/wp\/v2\/types\/page"}],"author":[{"embeddable":true,"href":"https:\/\/meysam-lotfi.ir\/az\/wp-json\/wp\/v2\/users\/1"}],"replies":[{"embeddable":true,"href":"https:\/\/meysam-lotfi.ir\/az\/wp-json\/wp\/v2\/comments?post=1290"}],"version-history":[{"count":7,"href":"https:\/\/meysam-lotfi.ir\/az\/wp-json\/wp\/v2\/pages\/1290\/revisions"}],"predecessor-version":[{"id":1557,"href":"https:\/\/meysam-lotfi.ir\/az\/wp-json\/wp\/v2\/pages\/1290\/revisions\/1557"}],"wp:attachment":[{"href":"https:\/\/meysam-lotfi.ir\/az\/wp-json\/wp\/v2\/media?parent=1290"}],"curies":[{"name":"wp","href":"https:\/\/api.w.org\/{rel}","templated":true}]}}