
{"id":1242,"date":"2023-11-05T17:03:21","date_gmt":"2023-11-05T13:33:21","guid":{"rendered":"https:\/\/meysam-lotfi.ir\/iletisim\/"},"modified":"2024-07-27T20:17:42","modified_gmt":"2024-07-27T16:47:42","slug":"iletisim","status":"publish","type":"page","link":"https:\/\/meysam-lotfi.ir\/tr\/iletisim\/","title":{"rendered":"\u0130leti\u015fim"},"content":{"rendered":"\t\t<div data-elementor-type=\"wp-page\" data-elementor-id=\"1242\" class=\"elementor elementor-1242 elementor-45\">\n\t\t\t\t<div class=\"elementor-element elementor-element-ddb5ee2 e-con-full e-flex e-con e-parent\" data-id=\"ddb5ee2\" data-element_type=\"container\">\n\t\t\t\t<div class=\"elementor-element elementor-element-b96847d elementor-widget elementor-widget-MEYSAM-Global-Widgets-Contact-Block\" data-id=\"b96847d\" data-element_type=\"widget\" data-widget_type=\"MEYSAM-Global-Widgets-Contact-Block.default\">\n\t\t\t\t<div class=\"elementor-widget-container\">\n\t\t\t    \t\n\t    <div class=\"contact-wrapper\">\n            <h3 class=\"contact-title\">I&#039;d Love to Hear From You<\/h3>\n            <div class=\"w-form\">\n                <p>\n<div class=\"wpcf7 no-js\" id=\"wpcf7-f1258-o1\" lang=\"tr-TR\" dir=\"ltr\" data-wpcf7-id=\"1258\">\n<div class=\"screen-reader-response\"><p role=\"status\" aria-live=\"polite\" aria-atomic=\"true\"><\/p> <ul><\/ul><\/div>\n<form action=\"\/tr\/wp-json\/wp\/v2\/pages\/1242#wpcf7-f1258-o1\" method=\"post\" class=\"wpcf7-form init\" aria-label=\"\u0130leti\u015fim Formu\" novalidate=\"novalidate\" data-status=\"init\">\n<fieldset class=\"hidden-fields-container\"><input type=\"hidden\" name=\"_wpcf7\" value=\"1258\" \/><input type=\"hidden\" name=\"_wpcf7_version\" value=\"6.1.4\" \/><input type=\"hidden\" name=\"_wpcf7_locale\" value=\"tr_TR\" \/><input type=\"hidden\" name=\"_wpcf7_unit_tag\" value=\"wpcf7-f1258-o1\" \/><input type=\"hidden\" name=\"_wpcf7_container_post\" value=\"0\" \/><input type=\"hidden\" name=\"_wpcf7_posted_data_hash\" value=\"\" \/><input type=\"hidden\" name=\"_wpcf7_recaptcha_response\" value=\"\" \/>\n<\/fieldset>\n<p><label> Ad\u0131n\u0131z <\/label><br \/>\n<span class=\"wpcf7-form-control-wrap\" data-name=\"your-name\"><input size=\"40\" maxlength=\"400\" class=\"wpcf7-form-control wpcf7-text wpcf7-validates-as-required\" autocomplete=\"name\" aria-required=\"true\" aria-invalid=\"false\" value=\"\" type=\"text\" name=\"your-name\" \/><\/span>\n<\/p>\n<p><label> Telefonunuz <\/label><br \/>\n<span class=\"wpcf7-form-control-wrap\" data-name=\"tel-959\"><input size=\"40\" maxlength=\"400\" class=\"wpcf7-form-control wpcf7-tel wpcf7-validates-as-required wpcf7-text wpcf7-validates-as-tel\" aria-required=\"true\" aria-invalid=\"false\" placeholder=\"+12101930423\" value=\"\" type=\"tel\" name=\"tel-959\" \/><\/span>\n<\/p>\n<p><label> E-posta adresiniz <\/label><br \/>\n<span class=\"wpcf7-form-control-wrap\" data-name=\"your-email\"><input size=\"40\" maxlength=\"400\" class=\"wpcf7-form-control wpcf7-email wpcf7-validates-as-required wpcf7-text wpcf7-validates-as-email\" autocomplete=\"email\" aria-required=\"true\" aria-invalid=\"false\" value=\"\" type=\"email\" name=\"your-email\" \/><\/span>\n<\/p>\n<p><label> Temas sebebi <\/label><br \/>\n<span class=\"wpcf7-form-control-wrap\" data-name=\"menu-30\"><select class=\"wpcf7-form-control wpcf7-select wpcf7-validates-as-required\" aria-required=\"true\" aria-invalid=\"false\" name=\"menu-30\"><option value=\"\">&#8212;L\u00fctfen bir se\u00e7enek se\u00e7in&#8212;<\/option><option value=\"Project Inquiry: Web Development\">Project Inquiry: Web Development<\/option><option value=\"Project Inquiry: IT Consulting\">Project Inquiry: IT Consulting<\/option><option value=\"Project Inquiry: Cybersecurity\">Project Inquiry: Cybersecurity<\/option><option value=\"Project Inquiry: SEO &amp; Marketing\">Project Inquiry: SEO &amp; Marketing<\/option><option value=\"Job Opportunity\">Job Opportunity<\/option><option value=\"Collaboration\">Collaboration<\/option><option value=\"Other\">Other<\/option><\/select><\/span>\n<\/p>\n<p><label> Konu <\/label><br \/>\n<span class=\"wpcf7-form-control-wrap\" data-name=\"your-subject\"><input size=\"40\" maxlength=\"400\" class=\"wpcf7-form-control wpcf7-text wpcf7-validates-as-required\" aria-required=\"true\" aria-invalid=\"false\" value=\"\" type=\"text\" name=\"your-subject\" \/><\/span>\n<\/p>\n<p><label> Mesaj\u0131n <\/label><br \/>\n<span class=\"wpcf7-form-control-wrap\" data-name=\"your-message\"><textarea cols=\"40\" rows=\"10\" maxlength=\"2000\" class=\"wpcf7-form-control wpcf7-textarea wpcf7-validates-as-required\" aria-required=\"true\" aria-invalid=\"false\" name=\"your-message\"><\/textarea><\/span>\n<\/p>\n<p><input class=\"wpcf7-form-control wpcf7-submit has-spinner\" type=\"submit\" value=\"G\u00f6nder\" \/>\n<\/p><p style=\"display: none !important;\" class=\"akismet-fields-container\" data-prefix=\"_wpcf7_ak_\"><label>&#916;<textarea name=\"_wpcf7_ak_hp_textarea\" cols=\"45\" rows=\"8\" maxlength=\"100\"><\/textarea><\/label><input type=\"hidden\" id=\"ak_js_1\" name=\"_wpcf7_ak_js\" value=\"0\"\/><script>document.getElementById( \"ak_js_1\" ).setAttribute( \"value\", ( new Date() ).getTime() );<\/script><\/p><div class=\"wpcf7-response-output\" aria-hidden=\"true\"><\/div>\n<\/form>\n<\/div>\n<\/p>            <\/div>\n        <\/div>\n\n    \t\t<\/div>\n\t\t\t\t<\/div>\n\t\t\t\t<\/div>\n\t\t\t\t<\/div>\n\t\t","protected":false},"excerpt":{"rendered":"<p>I&#039;d Love to Hear From You Ad\u0131n\u0131z Telefonunuz E-posta adresiniz Temas sebebi &#8212;Please choose an option&#8212;Project Inquiry: Web DevelopmentProject Inquiry: IT ConsultingProject Inquiry: CybersecurityProject Inquiry: SEO &amp; MarketingJob OpportunityCollaborationOther Konu Mesaj\u0131n<\/p>\n","protected":false},"author":1,"featured_media":0,"parent":0,"menu_order":0,"comment_status":"closed","ping_status":"closed","template":"","meta":{"inline_featured_image":false,"footnotes":""},"class_list":["post-1242","page","type-page","status-publish","hentry"],"_links":{"self":[{"href":"https:\/\/meysam-lotfi.ir\/tr\/wp-json\/wp\/v2\/pages\/1242","targetHints":{"allow":["GET"]}}],"collection":[{"href":"https:\/\/meysam-lotfi.ir\/tr\/wp-json\/wp\/v2\/pages"}],"about":[{"href":"https:\/\/meysam-lotfi.ir\/tr\/wp-json\/wp\/v2\/types\/page"}],"author":[{"embeddable":true,"href":"https:\/\/meysam-lotfi.ir\/tr\/wp-json\/wp\/v2\/users\/1"}],"replies":[{"embeddable":true,"href":"https:\/\/meysam-lotfi.ir\/tr\/wp-json\/wp\/v2\/comments?post=1242"}],"version-history":[{"count":4,"href":"https:\/\/meysam-lotfi.ir\/tr\/wp-json\/wp\/v2\/pages\/1242\/revisions"}],"predecessor-version":[{"id":1261,"href":"https:\/\/meysam-lotfi.ir\/tr\/wp-json\/wp\/v2\/pages\/1242\/revisions\/1261"}],"wp:attachment":[{"href":"https:\/\/meysam-lotfi.ir\/tr\/wp-json\/wp\/v2\/media?parent=1242"}],"curies":[{"name":"wp","href":"https:\/\/api.w.org\/{rel}","templated":true}]}}