
{"id":1244,"date":"2023-11-05T15:47:41","date_gmt":"2023-11-05T12:17:41","guid":{"rendered":"https:\/\/meysam-lotfi.ir\/ev\/"},"modified":"2024-07-27T20:11:24","modified_gmt":"2024-07-27T16:41:24","slug":"ev","status":"publish","type":"page","link":"https:\/\/meysam-lotfi.ir\/tr\/","title":{"rendered":"Ev"},"content":{"rendered":"\t\t<div data-elementor-type=\"wp-page\" data-elementor-id=\"1244\" class=\"elementor elementor-1244 elementor-15\">\n\t\t\t\t<div class=\"elementor-element elementor-element-d9e11e9 e-con-full e-flex e-con e-parent\" data-id=\"d9e11e9\" data-element_type=\"container\">\n\t\t\t\t<div class=\"elementor-element elementor-element-6f2b73b elementor-widget elementor-widget-MEYSAM-Global-Widgets-Home-Block\" data-id=\"6f2b73b\" data-element_type=\"widget\" data-widget_type=\"MEYSAM-Global-Widgets-Home-Block.default\">\n\t\t\t\t<div class=\"elementor-widget-container\">\n\t\t\t        \r\n\r\n\r\n        <section>\r\n\t        <div class=\"home-wrapper\">\r\n\t            <div class=\"w-layout-blockcontainer main-container w-container\">\r\n\t                <div id=\"w-node-_9f90a540-f866-6cd5-898a-462c713a5490-652f8849\" class=\"w-layout-layout home-stack wf-layout-layout\">\r\n\r\n\t                \t<div id=\"w-node-d6d3953d-a5d0-8a89-62c1-6c31b64c5a30-652f8849\" class=\"w-layout-cell about-row\">\r\n                        \t<a data-w-id=\"700b8ace-6395-ae52-faf8-a5babb050432\" href=\"https:\/\/meysam-lotfi.ir\/about\/\" class=\"about-block w-inline-block\">\r\n                        \t\t<div class=\"about-infos\">\r\n\t                                <h2 class=\"about-title\">Hakk\u0131mda<\/h2>\r\n\t                                <div class=\"subtitle-block\">\r\n\t                                    <div class=\"about-subtitle\">Biyografi ve Yetenekleri<\/div>\r\n\t                                <\/div>\r\n\t                            <\/div>\r\n\t\t\t\t\t            <div class=\"about-bg-image\" style=\"background-image: url(https:\/\/meysam-lotfi.ir\/wp-content\/uploads\/2024\/07\/IMG_20230510_170846-33.jpg);\"><\/div>\r\n\t\t\t\t\t        <\/a>\r\n\t\t\t\t\t    <\/div>\r\n\r\n\r\n\t                    <div id=\"w-node-_0fc2bf67-cea5-3920-ed20-e98dc64d8481-652f8849\" class=\"w-layout-cell top-row\">\r\n\t                        <div id=\"w-node-e420a70b-3335-8a3c-6fd6-1dd47edee2da-652f8849\" class=\"w-layout-layout top-row-stack wf-layout-layout\">\r\n\r\n\t                        \t<div id=\"w-node-_36d74deb-6b8a-0da6-6039-9b94f28851c1-652f8849\" class=\"w-layout-cell blog-cell\">\r\n\t                                <a data-w-id=\"e4e16621-820e-469b-a4af-8e8d1666fda4\" href=\"https:\/\/meysam-lotfi.ir\/blog\" class=\"blog-block w-inline-block\">\r\n\t                                    <div class=\"text-with-dot\">\r\n\t                                        <div class=\"dot-text\">D\u00fc\u015f\u00fcncelerim<\/div>\r\n\t                                    <\/div>\r\n\t                                    <div class=\"blog-block-img\">\r\n\t\t                                    <img decoding=\"async\"\r\n\t\t                                        src=\"https:\/\/meysam-lotfi.ir\/wp-content\/uploads\/2024\/07\/blog-e1720689136711.png\"\r\n\t\t                                        alt=\"blog\"\r\n\t\t                                        class=\"blog-img\"\r\n\t\t                                    \/>\r\n\t                                    <\/div>\r\n\t                                    <h3 class=\"main-title\">Blog<\/h3>\r\n\t                                <\/a>\r\n\t                            <\/div>\r\n\r\n\t                            <div id=\"w-node-_9aed2215-b44e-81c1-9e6e-a5a496988f8e-652f8849\" class=\"w-layout-cell service-cell\">\r\n\t                                <a data-w-id=\"d8a7e28c-2b92-cd67-add9-9f030af83191\" href=\"https:\/\/meysam-lotfi.ir\/services\" class=\"service-block w-inline-block\">\r\n\t                                    <div class=\"text-with-dot\">\r\n\t                                        <div class=\"dot-text\">Size nas\u0131l yard\u0131m edebilirim?<\/div>\r\n\t                                    <\/div>\r\n\t                                    <div class=\"service-circles\">\r\n\t                                    \t\t                                        <div class=\"service-box\">\r\n\t                                        \t<img decoding=\"async\" src=\"https:\/\/meysam-lotfi.ir\/wp-content\/uploads\/2024\/07\/code-1.png\" loading=\"lazy\" alt=\"services1\" data-w-id=\"0f6d6d5b-bb14-ed12-0ca5-beb566a325d8\" class=\"service-icon\" \/>\r\n\t                                        <\/div>\r\n\t                                    \t\t                                    \t\t                                        <div class=\"service-box\">\r\n\t                                        \t<img decoding=\"async\" src=\"https:\/\/meysam-lotfi.ir\/wp-content\/uploads\/2024\/07\/security-1.png\" loading=\"lazy\" data-w-id=\"cb1fc4c3-7471-c733-0db4-33bc8bd171b2\" alt=\"services2\" class=\"service-icon\" \/>\r\n\t                                        <\/div>\r\n\t                                    \t\t                                    \t\t                                        <div class=\"service-box\">\r\n\t                                        \t<img decoding=\"async\" src=\"https:\/\/meysam-lotfi.ir\/wp-content\/uploads\/2024\/07\/target-1.png\" loading=\"lazy\" data-w-id=\"107684f8-9bce-14b3-a655-691d66a0a747\" alt=\"services3\" class=\"service-icon\" \/>\r\n\t                                        <\/div>\r\n\t                                    \t\t                                    <\/div>\r\n\t                                    <h3 class=\"main-title\">Benim yeteneklerim<\/h3>\r\n\t                                <\/a>\r\n\t                            <\/div>\r\n\r\n\t                        <\/div>\r\n\t            \t\t<\/div>\r\n\r\n\t                    <div id=\"w-node-d139f96c-d394-01f6-92f4-d1bfb9aa3473-652f8849\" class=\"w-layout-cell bottom-row\">\r\n\t                        <div id=\"w-node-_0dbb6643-982f-e318-23db-636b44288cf7-652f8849\" class=\"w-layout-layout bottom-row-stack wf-layout-layout\">\r\n\t                            <div id=\"w-node-_0dbb6643-982f-e318-23db-636b44288cf8-652f8849\" class=\"w-layout-cell work-cell\">\r\n\t                                <a data-w-id=\"b569344e-3ec5-14ba-63fe-3cb5296ed5ce\" href=\"https:\/\/meysam-lotfi.ir\/work\/\" class=\"work-block w-inline-block\">\r\n\t                                    <div class=\"text-with-dot\">\r\n\t                                        <div class=\"dot-text\">ilham verici se\u00e7im<\/div>\r\n\t                                    <\/div>\r\n\t                                    <div class=\"circle-ball\">\r\n\t                                    \t<img decoding=\"async\" src=\"https:\/\/meysam-lotfi.ir\/wp-content\/uploads\/2024\/07\/briefcase.png\" loading=\"lazy\" alt=\"work\" class=\"ball-image\" \/>\r\n\t                                    <\/div>\r\n\t                                    <h3 class=\"main-title\">\u0130\u015flerim<\/h3>\r\n\t                                <\/a>\r\n\t                            <\/div>\r\n\t                            <div id=\"w-node-_0dbb6643-982f-e318-23db-636b44288cf9-652f8849\" class=\"w-layout-cell contact-cell\">\r\n\t                                <a data-w-id=\"e377f905-8e18-481e-ec90-7ba9c83f1b54\" href=\"https:\/\/meysam-lotfi.ir\/contact\/\" class=\"contact-block w-inline-block\">\r\n\t                                    <div class=\"text-with-dot\">\r\n\t                                        <div class=\"dot-text\">hadi konu\u015fal\u0131m<\/div>\r\n\t                                    <\/div>\r\n\t                                    <img decoding=\"async\" src=\"https:\/\/meysam-lotfi.ir\/wp-content\/uploads\/2024\/07\/contact-us-1-e1720633668707.png\" loading=\"lazy\" alt=\"contact\" class=\"contact-img\" \/>\r\n\t                                    <h3 class=\"main-title\">Bana ula\u015f\u0131n<\/h3>\r\n\t                                <\/a>\r\n\t                            <\/div>\r\n\t                        <\/div>\r\n\t                    <\/div>\r\n\t                <\/div>\r\n\t            <\/div>\r\n\t        <\/div>\r\n\t    <\/section>\r\n\t\t<!-- End about-section -->\r\n\t\t\t\r\n    \r\n    \t\t<\/div>\n\t\t\t\t<\/div>\n\t\t\t\t<\/div>\n\t\t\t\t<\/div>\n\t\t","protected":false},"excerpt":{"rendered":"<p>Hakk\u0131mda Biyografi ve Yetenekleri D\u00fc\u015f\u00fcncelerim Blog Size nas\u0131l yard\u0131m edebilirim? Benim yeteneklerim ilham verici se\u00e7im \u0130\u015flerim hadi konu\u015fal\u0131m Bana ula\u015f\u0131n<\/p>\n","protected":false},"author":1,"featured_media":0,"parent":0,"menu_order":0,"comment_status":"closed","ping_status":"closed","template":"","meta":{"inline_featured_image":false,"footnotes":""},"class_list":["post-1244","page","type-page","status-publish","hentry"],"_links":{"self":[{"href":"https:\/\/meysam-lotfi.ir\/tr\/wp-json\/wp\/v2\/pages\/1244","targetHints":{"allow":["GET"]}}],"collection":[{"href":"https:\/\/meysam-lotfi.ir\/tr\/wp-json\/wp\/v2\/pages"}],"about":[{"href":"https:\/\/meysam-lotfi.ir\/tr\/wp-json\/wp\/v2\/types\/page"}],"author":[{"embeddable":true,"href":"https:\/\/meysam-lotfi.ir\/tr\/wp-json\/wp\/v2\/users\/1"}],"replies":[{"embeddable":true,"href":"https:\/\/meysam-lotfi.ir\/tr\/wp-json\/wp\/v2\/comments?post=1244"}],"version-history":[{"count":4,"href":"https:\/\/meysam-lotfi.ir\/tr\/wp-json\/wp\/v2\/pages\/1244\/revisions"}],"predecessor-version":[{"id":1254,"href":"https:\/\/meysam-lotfi.ir\/tr\/wp-json\/wp\/v2\/pages\/1244\/revisions\/1254"}],"wp:attachment":[{"href":"https:\/\/meysam-lotfi.ir\/tr\/wp-json\/wp\/v2\/media?parent=1244"}],"curies":[{"name":"wp","href":"https:\/\/api.w.org\/{rel}","templated":true}]}}