
{"id":1246,"date":"2024-01-18T21:12:10","date_gmt":"2024-01-18T17:42:10","guid":{"rendered":"https:\/\/meysam-lotfi.ir\/hizmetler\/"},"modified":"2024-07-30T18:17:57","modified_gmt":"2024-07-30T14:47:57","slug":"hizmetler","status":"publish","type":"page","link":"https:\/\/meysam-lotfi.ir\/tr\/hizmetler\/","title":{"rendered":"Hizmetler"},"content":{"rendered":"\t\t<div data-elementor-type=\"wp-page\" data-elementor-id=\"1246\" class=\"elementor elementor-1246 elementor-103\">\n\t\t\t\t<div class=\"elementor-element elementor-element-c23fba4 e-con-full e-flex e-con e-parent\" data-id=\"c23fba4\" data-element_type=\"container\">\n\t\t\t\t<div class=\"elementor-element elementor-element-bffa056 elementor-widget elementor-widget-MEYSAM-Global-Widgets-Services-Block\" data-id=\"bffa056\" data-element_type=\"widget\" data-widget_type=\"MEYSAM-Global-Widgets-Services-Block.default\">\n\t\t\t\t<div class=\"elementor-widget-container\">\n\t\t\t\n        <div class=\"w-layout-layout services-grid wf-layout-layout\">\n\n        \t            <div class=\"w-layout-cell service-item\">\n                <img decoding=\"async\" src=\"https:\/\/meysam-lotfi.ir\/wp-content\/uploads\/2024\/07\/code-1.png\" loading=\"lazy\" alt=\"service-icon\" class=\"service-image\" \/>\n                <div class=\"service-infos\">\n                    <h4 class=\"service-item-title\">Web Geli\u015ftirme<\/h4>\n                    <p class=\"service-item-paragraph\">Magnet Dijital Ajans olarak kapsaml\u0131 web geli\u015ftirme hizmetleri sunuyoruz. Tam y\u0131\u011f\u0131n geli\u015ftirmedeki kapsaml\u0131 deneyimimin \u00f6nderlik etti\u011fi yetenekli geli\u015ftiricilerden olu\u015fan ekibimiz, i\u015f hedeflerinize uygun, \u00f6zel web \u00e7\u00f6z\u00fcmleri olu\u015fturur.<\/p>\n                <\/div>\n            <\/div>\n                        <div class=\"w-layout-cell service-item\">\n                <img decoding=\"async\" src=\"https:\/\/meysam-lotfi.ir\/wp-content\/uploads\/2024\/07\/target-1.png\" loading=\"lazy\" alt=\"service-icon\" class=\"service-image\" \/>\n                <div class=\"service-infos\">\n                    <h4 class=\"service-item-title\">BT Dan\u0131\u015fmanl\u0131\u011f\u0131<\/h4>\n                    <p class=\"service-item-paragraph\">Magnet Dijital Ajans, teknoloji end\u00fcstrisindeki uzun y\u0131llara dayanan deneyimimden yararlanarak uzman BT dan\u0131\u015fmanl\u0131k hizmetleri sunmaktad\u0131r. Ekibimiz teknolojinin benimsenmesi, dijital d\u00f6n\u00fc\u015f\u00fcm ve BT altyap\u0131s\u0131 optimizasyonu konular\u0131nda stratejik rehberlik sunmaktad\u0131r.<\/p>\n                <\/div>\n            <\/div>\n                        <div class=\"w-layout-cell service-item\">\n                <img decoding=\"async\" src=\"https:\/\/meysam-lotfi.ir\/wp-content\/uploads\/2024\/07\/troubleshooting.svg\" loading=\"lazy\" alt=\"service-icon\" class=\"service-image\" \/>\n                <div class=\"service-infos\">\n                    <h4 class=\"service-item-title\">BT Sorun Giderme<\/h4>\n                    <p class=\"service-item-paragraph\">Teknolojiyle ilgili sorunlar ortaya \u00e7\u0131kt\u0131\u011f\u0131nda Magnet yard\u0131ma haz\u0131rd\u0131r. Benim sistematik yakla\u015f\u0131m\u0131mla denetlenen BT sorun giderme hizmetimiz \u00e7ok \u00e7e\u015fitli sorunlar\u0131 kapsamaktad\u0131r. Ar\u0131za s\u00fcrelerini en aza indirmek ve i\u015fletmenizin sorunsuz \u00e7al\u0131\u015fmas\u0131n\u0131 sa\u011flamak i\u00e7in h\u0131zl\u0131, etkili \u00e7\u00f6z\u00fcmler sunuyoruz.<\/p>\n                <\/div>\n            <\/div>\n                        <div class=\"w-layout-cell service-item\">\n                <img decoding=\"async\" src=\"https:\/\/meysam-lotfi.ir\/wp-content\/uploads\/2024\/07\/social-media-marketing.svg\" loading=\"lazy\" alt=\"service-icon\" class=\"service-image\" \/>\n                <div class=\"service-infos\">\n                    <h4 class=\"service-item-title\">Dijital Pazarlama Stratejisi<\/h4>\n                    <p class=\"service-item-paragraph\">\u0130\u015f ihtiya\u00e7lar\u0131n\u0131za g\u00f6re uyarlanm\u0131\u015f kapsaml\u0131 dijital pazarlama stratejileri sunuyoruz. Ekibimizin en son trendlerden ve teknolojilerden yararlanmas\u0131n\u0131 sa\u011flamak i\u00e7in bu stratejilerin geli\u015ftirilmesini bizzat ben y\u00f6netiyorum. SEO ve i\u00e7erik pazarlamas\u0131ndan sosyal medya kampanyalar\u0131na kadar \u00e7evrimi\u00e7i varl\u0131\u011f\u0131n\u0131z\u0131 art\u0131rmak i\u00e7in b\u00fct\u00fcnsel yakla\u015f\u0131mlar yarat\u0131yoruz.<\/p>\n                <\/div>\n            <\/div>\n                        <div class=\"w-layout-cell service-item\">\n                <img decoding=\"async\" src=\"https:\/\/meysam-lotfi.ir\/wp-content\/uploads\/2024\/07\/ecommerce.svg\" loading=\"lazy\" alt=\"service-icon\" class=\"service-image\" \/>\n                <div class=\"service-infos\">\n                    <h4 class=\"service-item-title\">E-Ticaret \u00c7\u00f6z\u00fcmleri<\/h4>\n                    <p class=\"service-item-paragraph\">Magnet olarak sat\u0131\u015flar\u0131 art\u0131ran ve m\u00fc\u015fteri deneyimini geli\u015ftiren g\u00fc\u00e7l\u00fc e-ticaret platformlar\u0131 geli\u015ftirme konusunda uzman\u0131z. \u0130ster yeni bir \u00e7evrimi\u00e7i ma\u011faza a\u00e7\u0131yor olun ister mevcut bir ma\u011fazay\u0131 optimize ediyor olun, e-ticaret uzmanl\u0131\u011f\u0131m\u0131n rehberli\u011finde ekibimiz, g\u00fcvenli \u00f6deme a\u011f ge\u00e7itlerini, envanter y\u00f6netim sistemlerini ve kullan\u0131c\u0131 dostu aray\u00fczleri i\u00e7eren \u00e7\u00f6z\u00fcmler sunar.<\/p>\n                <\/div>\n            <\/div>\n                        <div class=\"w-layout-cell service-item\">\n                <img decoding=\"async\" src=\"https:\/\/meysam-lotfi.ir\/wp-content\/uploads\/2024\/07\/security-1.png\" loading=\"lazy\" alt=\"service-icon\" class=\"service-image\" \/>\n                <div class=\"service-infos\">\n                    <h4 class=\"service-item-title\">Siber G\u00fcvenlik Dan\u0131\u015fmanl\u0131\u011f\u0131<\/h4>\n                    <p class=\"service-item-paragraph\">G\u00fcn\u00fcm\u00fcz\u00fcn dijital ortam\u0131nda sa\u011flam siber g\u00fcvenlik \u00e7ok \u00f6nemlidir. Magnet, dijital varl\u0131klar\u0131n\u0131z\u0131 koruman\u0131za yard\u0131mc\u0131 olacak uzman siber g\u00fcvenlik dan\u0131\u015fmanl\u0131k hizmetleri sunar. Benim rehberli\u011fimde, g\u00fcvenlik uzmanlar\u0131m\u0131z g\u00fcvenlik denetimleri y\u00fcr\u00fct\u00fcyor, en iyi uygulamalar\u0131 uyguluyor, g\u00fcvenli a\u011flar kuruyor ve olay m\u00fcdahale planlar\u0131 geli\u015ftiriyor. Amac\u0131m\u0131z siber tehditlere kar\u015f\u0131 savunman\u0131z\u0131 g\u00fc\u00e7lendirmek ve i\u015f s\u00fcreklili\u011fini sa\u011flamakt\u0131r.<\/p>\n                <\/div>\n            <\/div>\n                        \n        <\/div>\n    \n    \t\t<\/div>\n\t\t\t\t<\/div>\n\t\t\t\t<\/div>\n\t\t<div class=\"elementor-element elementor-element-8f114ab e-flex e-con-boxed e-con e-parent\" data-id=\"8f114ab\" data-element_type=\"container\">\n\t\t\t\t\t<div class=\"e-con-inner\">\n\t\t\t\t<div class=\"elementor-element elementor-element-78502087 elementor-widget__width-initial elementor-widget elementor-widget-ucaddon_flip_box\" data-id=\"78502087\" data-element_type=\"widget\" data-widget_type=\"ucaddon_flip_box.default\">\n\t\t\t\t<div class=\"elementor-widget-container\">\n\t\t\t\n<!-- start Flip Box -->\n\t\t<link id='font-awesome-css' href='https:\/\/meysam-lotfi.ir\/wp-content\/plugins\/unlimited-elements-for-elementor\/assets_libraries\/font-awesome6\/fontawesome-all.min.css' type='text\/css' rel='stylesheet' >\n\t\t<link id='font-awesome-4-shim-css' href='https:\/\/meysam-lotfi.ir\/wp-content\/plugins\/unlimited-elements-for-elementor\/assets_libraries\/font-awesome6\/fontawesome-v4-shims.min.css' type='text\/css' rel='stylesheet' >\n\t\t<link id='uc_ac_assets_file_ue_flipbox_styles_css_12353-css' href='https:\/\/meysam-lotfi.ir\/wp-content\/uploads\/ac_assets\/uc_flip_box_base\/animations\/ue-flipbox-styles.css' type='text\/css' rel='stylesheet' >\n\n<style>\/* widget: Flip Box *\/\n\n\/* elementor container support *\/\n.e-con-inner>.elementor-widget-ucaddon_flip_box, .e-con>.elementor-widget-ucaddon_flip_box {\n    width: var(--container-widget-width);\n    --flex-grow: var(--container-widget-flex-grow);\n}\n\n#uc_flip_box_elementor_78502087 .ue-flip-box__panel.ue-flip-box__panel--front,\n#uc_flip_box_elementor_78502087 .ue-flip-box__panel.ue-flip-box__panel--back {\n    backface-visibility: hidden;\n    -webkit-backface-visibility: hidden; \n}\n\n#uc_flip_box_elementor_78502087 .ue-flip-box__panel__wrapper{\n  pointer-events: all;\n}\n\n\n#uc_flip_box_elementor_78502087 .ue-flip-box__panel--back .ue_btn{\n\tdisplay: inline-block;\n}\n \n\n\t\n\n  #uc_flip_box_elementor_78502087 .ue-flip-box__overlay {\n    position: fixed;\n  \ttop: 0;\n    left: 0;\n    width: 100vw;\n    height: 100vh;\n  \topacity: 0;\n  \tz-index: -1;\n  \ttransition: all 0.3s;\n    bottom:0;\n    right:0;\n  }\n\n\n  #uc_flip_box_elementor_78502087 .ue-flip-box__container.uc-show { \n      z-index: 3;\n  }\n\n  #uc_flip_box_elementor_78502087 .ue-flip-box__container.uc-show + .ue-flip-box__overlay { \n    \topacity: 1;\n    \tz-index: 2;\n  }\n\n\n\n\n\n#uc_flip_box_elementor_78502087 .ue-flip-box__panel--front-overlay, #uc_flip_box_elementor_78502087 .ue-flip-box__panel--back-overlay\n{\n  position:absolute;\n  top:0;\n  bottom:0;\n  right:0;\n  left:0;\n  z-index:-1;\n}\n\n#uc_flip_box_elementor_78502087 .ue-flip-box__panel--front .ue-flip-box__icon img{\n  max-width: none;\n}\n\n\n<\/style>\n\n<div id=\"uc_flip_box_elementor_78502087\" class=\"ue-flip-box\" data-id=\"uc_flip_box_elementor_78502087\" data-closeonbody='false'>\n  \n      <div class=\"ue-flip-box__container uc-hide ue-flip-alt_right ue-flip-box__container--hover\" tabindex=\"0\">\n      \n    <div class=\"ue-flip-box__panel ue-flip-box__panel--front\">\n      <div class=\"ue-flip-box__panel--front-overlay\"><\/div>\n            <div class=\"ue-flip-box__panel__wrapper\">\n        <div class=\"ue-flip-box__panel__content\">\n                        <div class=\"ue-flip-box__panel__element ue-flip-box__title\">Ba\u015far\u0131 i\u00e7in BT Orta\u011f\u0131n\u0131z<\/div>                        <div class=\"ue-flip-box__panel__element ue-flip-box__description\"><p><strong>Gelin \u0130\u015finizi Optimize Edelim<\/strong><\/p><\/div>        <\/div>\n      <\/div>\n    <\/div>\n    \n\n      \n    <div class=\"ue-flip-box__panel ue-flip-box__panel--back\">\n      <div class=\"ue-flip-box__panel--back-overlay\"><\/div>\n            <div class=\"ue-flip-box__panel__wrapper\">\n        <div class=\"ue-flip-box__panel__content\">\n                    <div class=\"ue-flip-box__panel__element ue-flip-box__title\">BT altyap\u0131n\u0131z\u0131 geli\u015ftirmeye haz\u0131r m\u0131s\u0131n\u0131z?<\/div>                    <div class=\"ue-flip-box__panel__element ue-flip-box__description\"><\/div>          <div class=\"ue-flip-box__panel__element ue-flip-box__button\"><a href=\"https:\/\/meysam-lotfi.ir\/tr\/contact\/\" class=\"ue_btn\" >\u015eimdi Bana Ula\u015f\u0131n!<\/a><\/div>        <\/div>\n      <\/div>\n    <\/div>\n    \n  <\/div>\n  \n   \n      \n    \t<div class=\"ue-flip-box__overlay\"><\/div>\n        \n<\/div>\n<!-- end Flip Box -->\t\t<\/div>\n\t\t\t\t<\/div>\n\t\t\t\t\t<\/div>\n\t\t\t\t<\/div>\n\t\t\t\t<\/div>\n\t\t","protected":false},"excerpt":{"rendered":"<p>Web Geli\u015ftirme Magnet Dijital Ajans olarak kapsaml\u0131 web geli\u015ftirme hizmetleri sunuyoruz. Tam y\u0131\u011f\u0131n geli\u015ftirmedeki kapsaml\u0131 deneyimimin \u00f6nderlik etti\u011fi yetenekli geli\u015ftiricilerden olu\u015fan ekibimiz, i\u015f hedeflerinize uygun, \u00f6zel web \u00e7\u00f6z\u00fcmleri olu\u015fturur. BT Dan\u0131\u015fmanl\u0131\u011f\u0131 Magnet Dijital Ajans, teknoloji end\u00fcstrisindeki uzun y\u0131llara dayanan deneyimimden yararlanarak uzman BT dan\u0131\u015fmanl\u0131k hizmetleri sunmaktad\u0131r. Ekibimiz teknolojinin benimsenmesi, dijital d\u00f6n\u00fc\u015f\u00fcm ve BT altyap\u0131s\u0131 optimizasyonu <\/p>\n","protected":false},"author":1,"featured_media":0,"parent":0,"menu_order":0,"comment_status":"closed","ping_status":"closed","template":"","meta":{"inline_featured_image":false,"footnotes":""},"class_list":["post-1246","page","type-page","status-publish","hentry"],"_links":{"self":[{"href":"https:\/\/meysam-lotfi.ir\/tr\/wp-json\/wp\/v2\/pages\/1246","targetHints":{"allow":["GET"]}}],"collection":[{"href":"https:\/\/meysam-lotfi.ir\/tr\/wp-json\/wp\/v2\/pages"}],"about":[{"href":"https:\/\/meysam-lotfi.ir\/tr\/wp-json\/wp\/v2\/types\/page"}],"author":[{"embeddable":true,"href":"https:\/\/meysam-lotfi.ir\/tr\/wp-json\/wp\/v2\/users\/1"}],"replies":[{"embeddable":true,"href":"https:\/\/meysam-lotfi.ir\/tr\/wp-json\/wp\/v2\/comments?post=1246"}],"version-history":[{"count":7,"href":"https:\/\/meysam-lotfi.ir\/tr\/wp-json\/wp\/v2\/pages\/1246\/revisions"}],"predecessor-version":[{"id":1542,"href":"https:\/\/meysam-lotfi.ir\/tr\/wp-json\/wp\/v2\/pages\/1246\/revisions\/1542"}],"wp:attachment":[{"href":"https:\/\/meysam-lotfi.ir\/tr\/wp-json\/wp\/v2\/media?parent=1246"}],"curies":[{"name":"wp","href":"https:\/\/api.w.org\/{rel}","templated":true}]}}