
{"id":1248,"date":"2024-01-19T23:40:34","date_gmt":"2024-01-19T20:10:34","guid":{"rendered":"https:\/\/meysam-lotfi.ir\/is\/"},"modified":"2024-07-30T18:17:16","modified_gmt":"2024-07-30T14:47:16","slug":"is","status":"publish","type":"page","link":"https:\/\/meysam-lotfi.ir\/tr\/is\/","title":{"rendered":"\u00e7al\u0131\u015fma ge\u00e7mi\u015fi"},"content":{"rendered":"\t\t<div data-elementor-type=\"wp-page\" data-elementor-id=\"1248\" class=\"elementor elementor-1248 elementor-148\">\n\t\t\t\t<div class=\"elementor-element elementor-element-9f62078 e-con-full e-flex e-con e-parent\" data-id=\"9f62078\" data-element_type=\"container\">\n\t\t\t\t<div class=\"elementor-element elementor-element-06aa958 elementor-widget elementor-widget-MEYSAM-Global-Widgets-Work-Block\" data-id=\"06aa958\" data-element_type=\"widget\" data-widget_type=\"MEYSAM-Global-Widgets-Work-Block.default\">\n\t\t\t\t<div class=\"elementor-widget-container\">\n\t\t\t\t    <div class=\"work-wrapper\">\n            <div class=\"work-list-wrapper w-dyn-list\">\n                <div role=\"list\" class=\"work-list w-dyn-items w-row\">\n       \t\t\t\t\n\t\t\t\t\t\t        <div role=\"listitem\" class=\"work-item w-dyn-item w-col w-col-4\">\n\t\t\t\t\t\t            <a href=\"https:\/\/meysam-lotfi.ir\/tr\/projects\/vizyondan-degere-itil-4un-kamu-sektorunde-uygulanmasi\/\" class=\"work-item-inner w-inline-block\">\n\t\t\t\t\t\t                <h4 class=\"work-title\">Vizyondan De\u011fere: ITIL 4&#8217;\u00fcn Kamu Sekt\u00f6r\u00fcnde Uygulanmas\u0131<\/h4>\n\t\t\t\t\t\t                <div class=\"work-category\">\n\t\t\t\t\t\t                \t\t\t\t\t\t\t                <\/div>\n\t\t\t\t\t\t                <div class=\"image-holder\">\n\t\t\t\t\t\t                \t<img decoding=\"async\" src=\"https:\/\/meysam-lotfi.ir\/wp-content\/uploads\/2024\/07\/it-infrastructure-shutterstock_313145102.webp\" loading=\"lazy\" alt=\"work-image\" class=\"work-image\" \/>\n\t\t\t\t\t\t                <\/div>\n\t\t\t\t\t\t            <\/a>\n\t\t\t\t\t\t        <\/div>\n\n\t\t\t\t\t\t\n\t\t\t\t\t\t        <div role=\"listitem\" class=\"work-item w-dyn-item w-col w-col-4\">\n\t\t\t\t\t\t            <a href=\"https:\/\/meysam-lotfi.ir\/tr\/projects\/ic-tasarim-sirketi-deco-as-icin-e-ticaret-sitesi-hazirlama\/\" class=\"work-item-inner w-inline-block\">\n\t\t\t\t\t\t                <h4 class=\"work-title\">\u0130\u00e7 Tasar\u0131m \u015eirketi Deco-As i\u00e7in E-ticaret Sitesi Haz\u0131rlama<\/h4>\n\t\t\t\t\t\t                <div class=\"work-category\">\n\t\t\t\t\t\t                \t\t\t\t\t\t\t                <\/div>\n\t\t\t\t\t\t                <div class=\"image-holder\">\n\t\t\t\t\t\t                \t<img decoding=\"async\" src=\"https:\/\/meysam-lotfi.ir\/wp-content\/uploads\/2024\/07\/modern-apartment-with-bold-bright-walls-perfect-showcasing-your-art-collection-min.jpg\" loading=\"lazy\" alt=\"work-image\" class=\"work-image\" \/>\n\t\t\t\t\t\t                <\/div>\n\t\t\t\t\t\t            <\/a>\n\t\t\t\t\t\t        <\/div>\n\n\t\t\t\t\t\t\n\t\t\t\t\t\t        <div role=\"listitem\" class=\"work-item w-dyn-item w-col w-col-4\">\n\t\t\t\t\t\t            <a href=\"https:\/\/meysam-lotfi.ir\/tr\/projects\/azarghapi-icin-siber-guvenlik-denetimi-ve-uygulamasi\/\" class=\"work-item-inner w-inline-block\">\n\t\t\t\t\t\t                <h4 class=\"work-title\">AzarGhapi i\u00e7in Siber G\u00fcvenlik Denetimi ve Uygulamas\u0131<\/h4>\n\t\t\t\t\t\t                <div class=\"work-category\">\n\t\t\t\t\t\t                \t\t\t\t\t\t\t                <\/div>\n\t\t\t\t\t\t                <div class=\"image-holder\">\n\t\t\t\t\t\t                \t<img decoding=\"async\" src=\"https:\/\/meysam-lotfi.ir\/wp-content\/uploads\/2024\/07\/Cybersecurity-coverage-2.jpg\" loading=\"lazy\" alt=\"work-image\" class=\"work-image\" \/>\n\t\t\t\t\t\t                <\/div>\n\t\t\t\t\t\t            <\/a>\n\t\t\t\t\t\t        <\/div>\n\n\t\t\t\t\t\t\n\t\t\t\t\t\t        <div role=\"listitem\" class=\"work-item w-dyn-item w-col w-col-4\">\n\t\t\t\t\t\t            <a href=\"https:\/\/meysam-lotfi.ir\/tr\/projects\/blockchain-ekonomi-zirvesi-istanbula-odullu-katilim\/\" class=\"work-item-inner w-inline-block\">\n\t\t\t\t\t\t                <h4 class=\"work-title\">Blockchain Ekonomi Zirvesi \u0130stanbul&#8217;a \u00d6d\u00fcll\u00fc Kat\u0131l\u0131m<\/h4>\n\t\t\t\t\t\t                <div class=\"work-category\">\n\t\t\t\t\t\t                \t\t\t\t\t\t\t                <\/div>\n\t\t\t\t\t\t                <div class=\"image-holder\">\n\t\t\t\t\t\t                \t<img decoding=\"async\" src=\"https:\/\/meysam-lotfi.ir\/wp-content\/uploads\/2024\/07\/Blockchain.jpg\" loading=\"lazy\" alt=\"work-image\" class=\"work-image\" \/>\n\t\t\t\t\t\t                <\/div>\n\t\t\t\t\t\t            <\/a>\n\t\t\t\t\t\t        <\/div>\n\n\t\t\t\t\t\t\n\t\t\t\t\t\t        <div role=\"listitem\" class=\"work-item w-dyn-item w-col w-col-4\">\n\t\t\t\t\t\t            <a href=\"https:\/\/meysam-lotfi.ir\/tr\/projects\/wintech-asia-icin-kurumsal-web-sitesi-yeniden-tasarimi\/\" class=\"work-item-inner w-inline-block\">\n\t\t\t\t\t\t                <h4 class=\"work-title\">Wintech Asia i\u00e7in Kurumsal Web Sitesi Yeniden Tasar\u0131m\u0131<\/h4>\n\t\t\t\t\t\t                <div class=\"work-category\">\n\t\t\t\t\t\t                \t\t\t\t\t\t\t                <\/div>\n\t\t\t\t\t\t                <div class=\"image-holder\">\n\t\t\t\t\t\t                \t<img decoding=\"async\" src=\"https:\/\/meysam-lotfi.ir\/wp-content\/uploads\/2024\/07\/dhw_20131124_01.jpg\" loading=\"lazy\" alt=\"work-image\" class=\"work-image\" \/>\n\t\t\t\t\t\t                <\/div>\n\t\t\t\t\t\t            <\/a>\n\t\t\t\t\t\t        <\/div>\n\n\t\t\t\t\t\t\n\t\t\t\t\t\t        <div role=\"listitem\" class=\"work-item w-dyn-item w-col w-col-4\">\n\t\t\t\t\t\t            <a href=\"https:\/\/meysam-lotfi.ir\/tr\/projects\/sky-kala-icin-e-ticaret-platformu\/\" class=\"work-item-inner w-inline-block\">\n\t\t\t\t\t\t                <h4 class=\"work-title\">Sky Kala i\u00e7in E-Ticaret Platformu<\/h4>\n\t\t\t\t\t\t                <div class=\"work-category\">\n\t\t\t\t\t\t                \t\t\t\t\t\t\t                <\/div>\n\t\t\t\t\t\t                <div class=\"image-holder\">\n\t\t\t\t\t\t                \t<img decoding=\"async\" src=\"https:\/\/meysam-lotfi.ir\/wp-content\/uploads\/2024\/07\/compressed_img-y34akhgBZmYHnkvnABd7u9K1.jpg\" loading=\"lazy\" alt=\"work-image\" class=\"work-image\" \/>\n\t\t\t\t\t\t                <\/div>\n\t\t\t\t\t\t            <\/a>\n\t\t\t\t\t\t        <\/div>\n\n\t\t\t\t\t\t\n    \n                <\/div>\n            <\/div>\n        <\/div>\n    \t\t<\/div>\n\t\t\t\t<\/div>\n\t\t\t\t<\/div>\n\t\t<div class=\"elementor-element elementor-element-7775021 e-flex e-con-boxed e-con e-parent\" data-id=\"7775021\" data-element_type=\"container\">\n\t\t\t\t\t<div class=\"e-con-inner\">\n\t\t\t\t<div class=\"elementor-element elementor-element-5cf0af1c elementor-widget__width-initial elementor-widget elementor-widget-ucaddon_flip_box\" data-id=\"5cf0af1c\" data-element_type=\"widget\" data-widget_type=\"ucaddon_flip_box.default\">\n\t\t\t\t<div class=\"elementor-widget-container\">\n\t\t\t\n<!-- start Flip Box -->\n\t\t<link id='font-awesome-css' href='https:\/\/meysam-lotfi.ir\/wp-content\/plugins\/unlimited-elements-for-elementor\/assets_libraries\/font-awesome6\/fontawesome-all.min.css' type='text\/css' rel='stylesheet' >\n\t\t<link id='font-awesome-4-shim-css' href='https:\/\/meysam-lotfi.ir\/wp-content\/plugins\/unlimited-elements-for-elementor\/assets_libraries\/font-awesome6\/fontawesome-v4-shims.min.css' type='text\/css' rel='stylesheet' >\n\t\t<link id='uc_ac_assets_file_ue_flipbox_styles_css_12353-css' href='https:\/\/meysam-lotfi.ir\/wp-content\/uploads\/ac_assets\/uc_flip_box_base\/animations\/ue-flipbox-styles.css' type='text\/css' rel='stylesheet' >\n\n<style>\/* widget: Flip Box *\/\n\n\/* elementor container support *\/\n.e-con-inner>.elementor-widget-ucaddon_flip_box, .e-con>.elementor-widget-ucaddon_flip_box {\n    width: var(--container-widget-width);\n    --flex-grow: var(--container-widget-flex-grow);\n}\n\n#uc_flip_box_elementor_5cf0af1c .ue-flip-box__panel.ue-flip-box__panel--front,\n#uc_flip_box_elementor_5cf0af1c .ue-flip-box__panel.ue-flip-box__panel--back {\n    backface-visibility: hidden;\n    -webkit-backface-visibility: hidden; \n}\n\n#uc_flip_box_elementor_5cf0af1c .ue-flip-box__panel__wrapper{\n  pointer-events: all;\n}\n\n\n#uc_flip_box_elementor_5cf0af1c .ue-flip-box__panel--back .ue_btn{\n\tdisplay: inline-block;\n}\n \n\n\t\n\n  #uc_flip_box_elementor_5cf0af1c .ue-flip-box__overlay {\n    position: fixed;\n  \ttop: 0;\n    left: 0;\n    width: 100vw;\n    height: 100vh;\n  \topacity: 0;\n  \tz-index: -1;\n  \ttransition: all 0.3s;\n    bottom:0;\n    right:0;\n  }\n\n\n  #uc_flip_box_elementor_5cf0af1c .ue-flip-box__container.uc-show { \n      z-index: 3;\n  }\n\n  #uc_flip_box_elementor_5cf0af1c .ue-flip-box__container.uc-show + .ue-flip-box__overlay { \n    \topacity: 1;\n    \tz-index: 2;\n  }\n\n\n\n\n\n#uc_flip_box_elementor_5cf0af1c .ue-flip-box__panel--front-overlay, #uc_flip_box_elementor_5cf0af1c .ue-flip-box__panel--back-overlay\n{\n  position:absolute;\n  top:0;\n  bottom:0;\n  right:0;\n  left:0;\n  z-index:-1;\n}\n\n#uc_flip_box_elementor_5cf0af1c .ue-flip-box__panel--front .ue-flip-box__icon img{\n  max-width: none;\n}\n\n\n<\/style>\n\n<div id=\"uc_flip_box_elementor_5cf0af1c\" class=\"ue-flip-box\" data-id=\"uc_flip_box_elementor_5cf0af1c\" data-closeonbody='false'>\n  \n      <div class=\"ue-flip-box__container uc-hide ue-flip-alt_right ue-flip-box__container--hover\" tabindex=\"0\">\n      \n    <div class=\"ue-flip-box__panel ue-flip-box__panel--front\">\n      <div class=\"ue-flip-box__panel--front-overlay\"><\/div>\n            <div class=\"ue-flip-box__panel__wrapper\">\n        <div class=\"ue-flip-box__panel__content\">\n                        <div class=\"ue-flip-box__panel__element ue-flip-box__title\">Ba\u015far\u0131 i\u00e7in BT Orta\u011f\u0131n\u0131z<\/div>                        <div class=\"ue-flip-box__panel__element ue-flip-box__description\"><p><strong>Gelin \u0130\u015finizi Optimize Edelim<\/strong><\/p><\/div>        <\/div>\n      <\/div>\n    <\/div>\n    \n\n      \n    <div class=\"ue-flip-box__panel ue-flip-box__panel--back\">\n      <div class=\"ue-flip-box__panel--back-overlay\"><\/div>\n            <div class=\"ue-flip-box__panel__wrapper\">\n        <div class=\"ue-flip-box__panel__content\">\n                    <div class=\"ue-flip-box__panel__element ue-flip-box__title\">BT altyap\u0131n\u0131z\u0131 geli\u015ftirmeye haz\u0131r m\u0131s\u0131n\u0131z?<\/div>                    <div class=\"ue-flip-box__panel__element ue-flip-box__description\"><\/div>          <div class=\"ue-flip-box__panel__element ue-flip-box__button\"><a href=\"https:\/\/meysam-lotfi.ir\/tr\/contact\/\" class=\"ue_btn\" >\u015eimdi Bana Ula\u015f\u0131n!<\/a><\/div>        <\/div>\n      <\/div>\n    <\/div>\n    \n  <\/div>\n  \n   \n      \n    \t<div class=\"ue-flip-box__overlay\"><\/div>\n        \n<\/div>\n<!-- end Flip Box -->\t\t<\/div>\n\t\t\t\t<\/div>\n\t\t\t\t\t<\/div>\n\t\t\t\t<\/div>\n\t\t\t\t<\/div>\n\t\t","protected":false},"excerpt":{"rendered":"<p>Vizyondan De\u011fere: ITIL 4&#8217;\u00fcn Kamu Sekt\u00f6r\u00fcnde Uygulanmas\u0131 \u0130\u00e7 Tasar\u0131m \u015eirketi Deco-As i\u00e7in E-ticaret Sitesi Haz\u0131rlama AzarGhapi i\u00e7in Siber G\u00fcvenlik Denetimi ve Uygulamas\u0131 Blockchain Ekonomi Zirvesi \u0130stanbul&#8217;a \u00d6d\u00fcll\u00fc Kat\u0131l\u0131m Wintech Asia i\u00e7in Kurumsal Web Sitesi Yeniden Tasar\u0131m\u0131 Sky Kala i\u00e7in E-Ticaret Platformu Ba\u015far\u0131 i\u00e7in BT Orta\u011f\u0131n\u0131z Gelin \u0130\u015finizi Optimize Edelim BT altyap\u0131n\u0131z\u0131 geli\u015ftirmeye haz\u0131r m\u0131s\u0131n\u0131z? \u015eimdi <\/p>\n","protected":false},"author":1,"featured_media":0,"parent":0,"menu_order":0,"comment_status":"closed","ping_status":"closed","template":"","meta":{"inline_featured_image":false,"footnotes":""},"class_list":["post-1248","page","type-page","status-publish","hentry"],"_links":{"self":[{"href":"https:\/\/meysam-lotfi.ir\/tr\/wp-json\/wp\/v2\/pages\/1248","targetHints":{"allow":["GET"]}}],"collection":[{"href":"https:\/\/meysam-lotfi.ir\/tr\/wp-json\/wp\/v2\/pages"}],"about":[{"href":"https:\/\/meysam-lotfi.ir\/tr\/wp-json\/wp\/v2\/types\/page"}],"author":[{"embeddable":true,"href":"https:\/\/meysam-lotfi.ir\/tr\/wp-json\/wp\/v2\/users\/1"}],"replies":[{"embeddable":true,"href":"https:\/\/meysam-lotfi.ir\/tr\/wp-json\/wp\/v2\/comments?post=1248"}],"version-history":[{"count":12,"href":"https:\/\/meysam-lotfi.ir\/tr\/wp-json\/wp\/v2\/pages\/1248\/revisions"}],"predecessor-version":[{"id":1535,"href":"https:\/\/meysam-lotfi.ir\/tr\/wp-json\/wp\/v2\/pages\/1248\/revisions\/1535"}],"wp:attachment":[{"href":"https:\/\/meysam-lotfi.ir\/tr\/wp-json\/wp\/v2\/media?parent=1248"}],"curies":[{"name":"wp","href":"https:\/\/api.w.org\/{rel}","templated":true}]}}